{"id":11763,"date":"2025-07-04T13:31:49","date_gmt":"2025-07-04T19:31:49","guid":{"rendered":"https:\/\/trueticket.mx\/along\/?post_type=product&#038;p=11763"},"modified":"2025-08-23T19:56:07","modified_gmt":"2025-08-24T01:56:07","slug":"along-en-toluca","status":"publish","type":"product","link":"http:\/\/trueticket.mx\/along\/product\/along-en-toluca\/","title":{"rendered":"Along en Toluca"},"content":{"rendered":"","protected":false},"excerpt":{"rendered":"<p class=\"p1\">S\u00c1BADO 23 DE AGOSTO DEL 2025<\/p>\n<p class=\"p1\">LUGAR: FORO LAND\u00d3 (Calle Nicol\u00e1s Bravo Nte. 825, Uni\u00f3n, 50040 Toluca de Lerdo, M\u00e9x.)<\/p>\n<p class=\"p1\">HORA: 8:00 PM<\/p>\n<p class=\"p1\">PREVENTA: $400 MN + CARGO POR SERVICIO<\/p>\n<p class=\"p1\">MEET AND GREET: $800 MN + CARGO POR SERVICIO (INCLUYE ENTRADA AL EVENTO Y MEET AND GREET CON ALONG)<\/p>\n<p class=\"p1\">VENTA DE BOLETOS EN TRUETICKET.MX<\/p>\n<p class=\"p1\">EVENTO PARA TODAS LAS EDADES<\/p>\n","protected":false},"featured_media":12244,"comment_status":"open","ping_status":"closed","template":"","meta":{"_coblocks_attr":"","_coblocks_dimensions":"","_coblocks_responsive_height":"","_coblocks_accordion_ie_support":""},"product_brand":[],"product_cat":[121],"product_tag":[],"class_list":{"0":"post-11763","1":"product","2":"type-product","3":"status-publish","4":"has-post-thumbnail","6":"product_cat-toluca","8":"first","9":"instock","10":"taxable","11":"shipping-taxable","12":"product-type-variable"},"_links":{"self":[{"href":"http:\/\/trueticket.mx\/along\/wp-json\/wp\/v2\/product\/11763","targetHints":{"allow":["GET"]}}],"collection":[{"href":"http:\/\/trueticket.mx\/along\/wp-json\/wp\/v2\/product"}],"about":[{"href":"http:\/\/trueticket.mx\/along\/wp-json\/wp\/v2\/types\/product"}],"replies":[{"embeddable":true,"href":"http:\/\/trueticket.mx\/along\/wp-json\/wp\/v2\/comments?post=11763"}],"wp:featuredmedia":[{"embeddable":true,"href":"http:\/\/trueticket.mx\/along\/wp-json\/wp\/v2\/media\/12244"}],"wp:attachment":[{"href":"http:\/\/trueticket.mx\/along\/wp-json\/wp\/v2\/media?parent=11763"}],"wp:term":[{"taxonomy":"product_brand","embeddable":true,"href":"http:\/\/trueticket.mx\/along\/wp-json\/wp\/v2\/product_brand?post=11763"},{"taxonomy":"product_cat","embeddable":true,"href":"http:\/\/trueticket.mx\/along\/wp-json\/wp\/v2\/product_cat?post=11763"},{"taxonomy":"product_tag","embeddable":true,"href":"http:\/\/trueticket.mx\/along\/wp-json\/wp\/v2\/product_tag?post=11763"}],"curies":[{"name":"wp","href":"https:\/\/api.w.org\/{rel}","templated":true}]}}