{"id":15540,"date":"2025-11-21T18:48:36","date_gmt":"2025-11-22T00:48:36","guid":{"rendered":"https:\/\/trueticket.mx\/along\/?post_type=product&#038;p=15540"},"modified":"2025-12-20T20:03:42","modified_gmt":"2025-12-21T02:03:42","slug":"along-en-cdmx","status":"publish","type":"product","link":"http:\/\/trueticket.mx\/along\/product\/along-en-cdmx\/","title":{"rendered":"ALONG EN CDMX"},"content":{"rendered":"","protected":false},"excerpt":{"rendered":"<p class=\"p1\" style=\"text-align: right;\">TRUE COMPANY PRESENTA<\/p>\n<p class=\"p1\">ALONG EN CDMX<\/p>\n<p class=\"p1\">S\u00e1bado 20 DE DICIEMBRE DEL 2025<\/p>\n<p class=\"p1\">LUGAR: Foro La Paz (Av. de la Paz 57-Piso 1, San \u00c1ngel, \u00c1lvaro Obreg\u00f3n, 01000 Ciudad de M\u00e9xico, CDMX)<\/p>\n<p class=\"p1\">HORA: 8:00 PM<\/p>\n<p class=\"p1\">GENERAL: $400 MN + CARGO POR SERVICIO<\/p>\n<p class=\"p1\">MEET AND GREET: $800 MN + CARGO POR SERVICIO (INCLUYE ENTRADA AL EVENTO Y MEET AND GREET CON ALONG)<\/p>\n<p class=\"p1\">VENTA DE BOLETOS EN TRUETICKET.MX<\/p>\n<p class=\"p1\">EVENTO PARA TODAS LAS EDADES.<\/p>\n","protected":false},"featured_media":15541,"comment_status":"open","ping_status":"closed","template":"","meta":{"_coblocks_attr":"","_coblocks_dimensions":"","_coblocks_responsive_height":"","_coblocks_accordion_ie_support":""},"product_brand":[],"product_cat":[134],"product_tag":[],"class_list":{"0":"post-15540","1":"product","2":"type-product","3":"status-publish","4":"has-post-thumbnail","6":"product_cat-along_cdmx_2025","8":"first","9":"instock","10":"taxable","11":"shipping-taxable","12":"product-type-variable"},"_links":{"self":[{"href":"http:\/\/trueticket.mx\/along\/wp-json\/wp\/v2\/product\/15540","targetHints":{"allow":["GET"]}}],"collection":[{"href":"http:\/\/trueticket.mx\/along\/wp-json\/wp\/v2\/product"}],"about":[{"href":"http:\/\/trueticket.mx\/along\/wp-json\/wp\/v2\/types\/product"}],"replies":[{"embeddable":true,"href":"http:\/\/trueticket.mx\/along\/wp-json\/wp\/v2\/comments?post=15540"}],"wp:featuredmedia":[{"embeddable":true,"href":"http:\/\/trueticket.mx\/along\/wp-json\/wp\/v2\/media\/15541"}],"wp:attachment":[{"href":"http:\/\/trueticket.mx\/along\/wp-json\/wp\/v2\/media?parent=15540"}],"wp:term":[{"taxonomy":"product_brand","embeddable":true,"href":"http:\/\/trueticket.mx\/along\/wp-json\/wp\/v2\/product_brand?post=15540"},{"taxonomy":"product_cat","embeddable":true,"href":"http:\/\/trueticket.mx\/along\/wp-json\/wp\/v2\/product_cat?post=15540"},{"taxonomy":"product_tag","embeddable":true,"href":"http:\/\/trueticket.mx\/along\/wp-json\/wp\/v2\/product_tag?post=15540"}],"curies":[{"name":"wp","href":"https:\/\/api.w.org\/{rel}","templated":true}]}}